{"id":1334,"date":"2020-06-15T19:01:12","date_gmt":"2020-06-15T19:01:12","guid":{"rendered":"https:\/\/bereket.org.tr\/online-medrese\/dwqa-user-profile\/"},"modified":"2020-06-15T19:01:12","modified_gmt":"2020-06-15T19:01:12","slug":"dwqa-user-profile","status":"publish","type":"page","link":"https:\/\/www.bereket.org.tr\/online-medrese\/dwqa-user-profile\/","title":{"rendered":"DWQA User Profile"},"content":{"rendered":"<form class=\"dwqa-user-profile\"><div class=\"dwqa-user-profile-head\"><div class=\"dwqa-user-cover-image-wrap\"><div id=\"dwqa-user-cover-image\"><img decoding=\"async\" src=\"\"><\/div><div style=\"clear:both;\"><\/div><\/div><div class=\"dwqa-user-avatar-group\"><div class=\"dwqa-user-avatar-wrap\"><div id=\"dwqa-user-avatar\"><img decoding=\"async\" src=\"\"><\/div><\/div><div class=\"dwqa-user-info\"><h1 class=\"username\"><\/h1><\/div><div style=\"clear:both;\"><\/div><\/div><div class=\"dwqa-profile-tabs\"><a href=\"\/questions\" class=\"active\">Questions()<\/a><a href=\"\/answers\" class=\"\">Cevaplar()<\/a><\/div><\/div><div class=\"dwqa-user-qa\"><div class=\"dwqa-questions-archive\"><div class=\"dwqa-questions-list\"><div class=\"dwqa-question-item dwqa-sticky dwqa-status-open\"><header class=\"dwqa-question-title\"><a href=\"https:\/\/www.bereket.org.tr\/online-medrese\/question\/amerikada-calisma-hakkinda\/\">Amerikada \u00c7al\u0131\u015fma Hakk\u0131nda<\/a><\/header><div class=\"dwqa-question-meta\"><span title=\"A\u00e7\u0131k\" class=\"dwqa-status dwqa-status-open\">A\u00e7\u0131k<\/span><span><a href=\"https:\/\/www.bereket.org.tr\/online-medrese\/dwqa-user-profile\/admin\"><img alt='' src='https:\/\/secure.gravatar.com\/avatar\/2068df34f84b346b45a3502f58f76bec?s=48&#038;d=mm&#038;r=g' srcset='https:\/\/secure.gravatar.com\/avatar\/2068df34f84b346b45a3502f58f76bec?s=96&#038;d=mm&#038;r=g 2x' class='avatar avatar-48 photo' height='48' width='48' \/>admin<\/a> cevaplanma 5 y\u0131l ago<\/span><span class=\"dwqa-question-category\"><span class=\"dwqa-sep\">&nbsp;&bull;&nbsp;<\/span><a href=\"https:\/\/www.bereket.org.tr\/online-medrese\/dwqa-question_category\/questions\/\" rel=\"tag\">Questions<\/a><\/span><\/div><div class=\"dwqa-question-stats\"><span class=\"dwqa-views-count\"><strong>596<\/strong> views<\/span><span class=\"dwqa-answers-count\"><strong>1<\/strong> answers<\/span><span class=\"dwqa-votes-count\"><strong>0<\/strong> votes<\/span><\/div><\/div><\/div><div class=\"dwqa-questions-footer\"><div class=\"dwqa-ask-question\"><a href=\"https:\/\/www.bereket.org.tr\/online-medrese\/fetva-sor\/\">Soru Sor<\/a><\/div><\/div><\/div><\/div><div class=\"dwqa-poup\"><div id=\"popup-crop\"><\/div><div id=\"avatar-crop\" style=\"width:150px; height: 150px;\"><\/div><input type=\"hidden\" id=\"attachment_file\" value=\"\"><input type=\"hidden\" id=\"crop-h\" value=\"\"><input type=\"hidden\" id=\"crop-w\" value=\"\"><input type=\"hidden\" id=\"crop-x\" value=\"\"><input type=\"hidden\" id=\"crop-x2\" value=\"\"><input type=\"hidden\" id=\"crop-y\" value=\"\"><input type=\"hidden\" id=\"crop-y2\" value=\"\"><button type=\"button\" id=\"button-crop\">Crop<\/button><div style=\"clear:both;\"><\/div><\/div><\/form>\n","protected":false},"excerpt":{"rendered":"<p>selam\u0131n aleyk\u00fcm sayg\u0131de\u011fer din alimi, kendim i\u00e7in bir fetva almak istiyorum. kendimi tan\u0131tay\u0131m, 21 ya\u015f\u0131nday\u0131m, istanbul teknik \u00fcniversitesinde bilgisayar m\u00fchendisli\u011fi \u00f6\u011frencisiyim. daha \u00f6nce avrupa, amerika ve \u00e7e\u00e7enistan seyehatlerim oldu. bu yaz\u0131m\u0131 amerikada ge\u00e7irmek istiyordum. amerikada patronu t\u00fcrk olan bir pizzac\u0131 ile anla\u015ft\u0131m hatta \u00f6\u011frenci oldu\u011fum ve bilet fiyat\u0131 benim i\u00e7in y\u00fcksek oldu\u011fu i\u00e7in kendisi biletimi &hellip;<\/p>\n","protected":false},"author":1,"featured_media":0,"parent":0,"menu_order":0,"comment_status":"closed","ping_status":"closed","template":"","meta":{"footnotes":""},"class_list":["post-1334","page","type-page","status-publish","hentry"],"_links":{"self":[{"href":"https:\/\/www.bereket.org.tr\/online-medrese\/wp-json\/wp\/v2\/pages\/1334"}],"collection":[{"href":"https:\/\/www.bereket.org.tr\/online-medrese\/wp-json\/wp\/v2\/pages"}],"about":[{"href":"https:\/\/www.bereket.org.tr\/online-medrese\/wp-json\/wp\/v2\/types\/page"}],"author":[{"embeddable":true,"href":"https:\/\/www.bereket.org.tr\/online-medrese\/wp-json\/wp\/v2\/users\/1"}],"replies":[{"embeddable":true,"href":"https:\/\/www.bereket.org.tr\/online-medrese\/wp-json\/wp\/v2\/comments?post=1334"}],"version-history":[{"count":0,"href":"https:\/\/www.bereket.org.tr\/online-medrese\/wp-json\/wp\/v2\/pages\/1334\/revisions"}],"wp:attachment":[{"href":"https:\/\/www.bereket.org.tr\/online-medrese\/wp-json\/wp\/v2\/media?parent=1334"}],"curies":[{"name":"wp","href":"https:\/\/api.w.org\/{rel}","templated":true}]}}